{"id":775,"date":"2019-04-26T13:39:07","date_gmt":"2019-04-26T11:39:07","guid":{"rendered":"https:\/\/auderghem2024.ecolo.me\/?page_id=775"},"modified":"2019-04-30T14:55:54","modified_gmt":"2019-04-30T12:55:54","slug":"les-candidats-ecolo-de-la-locale-dauderghem","status":"publish","type":"page","link":"https:\/\/auderghem.ecolo.be\/nl\/elections-2019\/les-candidats-ecolo-de-la-locale-dauderghem\/","title":{"rendered":"Les candidats Ecolo de la locale d&#8217;Auderghem"},"content":{"rendered":"<p>[et_pb_section bb_built=&#8221;1&#8243;][et_pb_row][et_pb_column type=&#8221;1_3&#8243;][et_pb_image _builder_version=&#8221;3.17.1&#8243; src=&#8221;https:\/\/auderghem2024.ecolo.me\/wp-content\/uploads\/sites\/486\/2019\/04\/PHOTO-van-gestel-anouk.jpg&#8221; \/][et_pb_text _builder_version=&#8221;3.17.1&#8243;]<\/p>\n<p><strong>Anouk VAN GESTEL<\/strong><\/p>\n<p>15<sup>e<\/sup> effective \u00e0 la Chambre<\/p>\n<p>Le climat, la justice sociale et l\u2019immigration sont des enjeux capitaux. Je souhaite m\u2019investir totalement pour d\u00e9fendre ces causes.<\/p>\n<p>[\/et_pb_text][\/et_pb_column][et_pb_column type=&#8221;1_3&#8243;][et_pb_image _builder_version=&#8221;3.17.1&#8243; src=&#8221;https:\/\/auderghem2024.ecolo.me\/wp-content\/uploads\/sites\/486\/2019\/04\/PHOTO-molenberg-vincent.jpg&#8221; \/][et_pb_text _builder_version=&#8221;3.17.1&#8243;]<\/p>\n<p><strong>Vincent MOLENBERG<\/strong><\/p>\n<p>19<sup>e<\/sup> \u00e0 la R\u00e9gion<\/p>\n<p>Apiculteur amateur, cycliste au quotidien et p\u00e8re de 4 enfants, je veux que les priorit\u00e9s r\u00e9gionales soient concentr\u00e9es sur l&#8217;environnement, la mobilit\u00e9, l&#8217;\u00e9conomie durable et l&#8217;emploi, au b\u00e9n\u00e9fice de TOUS.<\/p>\n<p>[\/et_pb_text][\/et_pb_column][et_pb_column type=&#8221;1_3&#8243;][et_pb_image _builder_version=&#8221;3.17.1&#8243; src=&#8221;https:\/\/auderghem2024.ecolo.me\/wp-content\/uploads\/sites\/486\/2019\/04\/PHOTO-grosjean-paul.jpg&#8221; \/][et_pb_text _builder_version=&#8221;3.17.1&#8243;]<\/p>\n<p><strong>Paul GROSJEAN<\/strong><\/p>\n<p>53<sup>e<\/sup> \u00e0 la R\u00e9gion<\/p>\n<p>ECOLO, c\u2019est une volont\u00e9 d\u2019avenir heureux, juste et sain, pour tous les humains, de toute race, genre ou foi, vivant, \u00e0 na\u00eetre, poursuivie en \u00e9tant humain, en politique aussi. A 80 ans, oui, plus que jamais\u00a0!<\/p>\n<div id=\"ConnectiveDocSignExtentionInstalled\"><\/div>\n<p>[\/et_pb_text][\/et_pb_column][\/et_pb_row][\/et_pb_section]<\/p>\n","protected":false},"excerpt":{"rendered":"<p>Anouk VAN GESTEL 15e effective \u00e0 la Chambre Le&#8230;<\/p>\n","protected":false},"author":1550,"featured_media":0,"parent":752,"menu_order":0,"comment_status":"closed","ping_status":"closed","template":"","meta":{"_acf_changed":false,"_et_pb_use_builder":"on","_et_pb_old_content":"<p><!--more--><\/p><div id=\"ConnectiveDocSignExtentionInstalled\" data-extension-version=\"1.0.4\">\u00a0<\/div>","_et_gb_content_width":"","inline_featured_image":false,"footnotes":""},"class_list":["post-775","page","type-page","status-publish","hentry"],"acf":[],"_links":{"self":[{"href":"https:\/\/auderghem.ecolo.be\/nl\/wp-json\/wp\/v2\/pages\/775","targetHints":{"allow":["GET"]}}],"collection":[{"href":"https:\/\/auderghem.ecolo.be\/nl\/wp-json\/wp\/v2\/pages"}],"about":[{"href":"https:\/\/auderghem.ecolo.be\/nl\/wp-json\/wp\/v2\/types\/page"}],"author":[{"embeddable":true,"href":"https:\/\/auderghem.ecolo.be\/nl\/wp-json\/wp\/v2\/users\/1550"}],"replies":[{"embeddable":true,"href":"https:\/\/auderghem.ecolo.be\/nl\/wp-json\/wp\/v2\/comments?post=775"}],"version-history":[{"count":5,"href":"https:\/\/auderghem.ecolo.be\/nl\/wp-json\/wp\/v2\/pages\/775\/revisions"}],"predecessor-version":[{"id":782,"href":"https:\/\/auderghem.ecolo.be\/nl\/wp-json\/wp\/v2\/pages\/775\/revisions\/782"}],"up":[{"embeddable":true,"href":"https:\/\/auderghem.ecolo.be\/nl\/wp-json\/wp\/v2\/pages\/752"}],"wp:attachment":[{"href":"https:\/\/auderghem.ecolo.be\/nl\/wp-json\/wp\/v2\/media?parent=775"}],"curies":[{"name":"wp","href":"https:\/\/api.w.org\/{rel}","templated":true}]}}