{"id":1031,"date":"2024-02-08T10:00:09","date_gmt":"2024-02-08T09:00:09","guid":{"rendered":"https:\/\/auderghem2024.ecolo.me\/comment-agir\/"},"modified":"2024-09-12T12:09:58","modified_gmt":"2024-09-12T10:09:58","slug":"comment-agir","status":"publish","type":"page","link":"https:\/\/auderghem.ecolo.be\/nl\/comment-agir\/","title":{"rendered":"Comment agir"},"content":{"rendered":"<h1>Nous rejoindre !<\/h1>\n<p>Participer \u00e0 nos actions, c&#8217;est bien mais \u00e7a ne vous suffit pas? Vous voulez vous investir pour votre commune, prendre part aux d\u00e9cisions internes du groupe locale Ecolo-Groen d&#8217;Auderghem et faire la diff\u00e9rence? N&#8217;h\u00e9sitez pas \u00e0 nous rejoindre et \u00e0 prendre votre place dans la vie politique de notre groupe.<\/p>\n<p>Votre voix, vos id\u00e9es, et votre \u00e9nergie sont essentielles pour faire bouger les choses. Ensemble, nous pouvons cr\u00e9er un avenir plus vert et plus juste.<\/p>\n<p>Contactez nous!<\/p>\n<h3 class=\"text-green-700 lg:text-xl font-new-spirit mb-4\">Contact<\/h3>\n<p><strong>Co-pr\u00e9sident.e.s<\/strong><br \/>\nElise Willame, Sidney Decock et Damien Van Caillie<\/p>\n<p>0486\/709.774<br \/>\n&#105;&#x6e;f&#111;&#x40;a&#117;&#x64;e&#x72;&#x67;&#104;&#x65;m&#46;&#x65;c&#111;&#x6c;o&#x2e;&#x62;&#101;<\/p>\n<p>&nbsp;<\/p>\n","protected":false},"excerpt":{"rendered":"<p>Nous rejoindre ! Participer \u00e0 nos actions, c&#8217;est bien mais \u00e7a ne vous suffit pas? Vous voulez vous investir pour votre commune, prendre part aux d\u00e9cisions internes du groupe locale Ecolo-Groen d&#8217;Auderghem et faire la diff\u00e9rence? N&#8217;h\u00e9sitez pas \u00e0 nous rejoindre et \u00e0 prendre votre place dans la vie politique de notre groupe. Votre voix, &hellip;<\/p>\n","protected":false},"author":1455,"featured_media":1477,"parent":0,"menu_order":0,"comment_status":"closed","ping_status":"closed","template":"views\/template-comment-agir.blade.php","meta":{"_acf_changed":false,"_et_pb_use_builder":"","_et_pb_old_content":"","_et_gb_content_width":"","inline_featured_image":false,"footnotes":""},"class_list":["post-1031","page","type-page","status-publish","has-post-thumbnail","hentry"],"acf":[],"_links":{"self":[{"href":"https:\/\/auderghem.ecolo.be\/nl\/wp-json\/wp\/v2\/pages\/1031","targetHints":{"allow":["GET"]}}],"collection":[{"href":"https:\/\/auderghem.ecolo.be\/nl\/wp-json\/wp\/v2\/pages"}],"about":[{"href":"https:\/\/auderghem.ecolo.be\/nl\/wp-json\/wp\/v2\/types\/page"}],"author":[{"embeddable":true,"href":"https:\/\/auderghem.ecolo.be\/nl\/wp-json\/wp\/v2\/users\/1455"}],"replies":[{"embeddable":true,"href":"https:\/\/auderghem.ecolo.be\/nl\/wp-json\/wp\/v2\/comments?post=1031"}],"version-history":[{"count":8,"href":"https:\/\/auderghem.ecolo.be\/nl\/wp-json\/wp\/v2\/pages\/1031\/revisions"}],"predecessor-version":[{"id":1748,"href":"https:\/\/auderghem.ecolo.be\/nl\/wp-json\/wp\/v2\/pages\/1031\/revisions\/1748"}],"wp:featuredmedia":[{"embeddable":true,"href":"https:\/\/auderghem.ecolo.be\/nl\/wp-json\/wp\/v2\/media\/1477"}],"wp:attachment":[{"href":"https:\/\/auderghem.ecolo.be\/nl\/wp-json\/wp\/v2\/media?parent=1031"}],"curies":[{"name":"wp","href":"https:\/\/api.w.org\/{rel}","templated":true}]}}