{"id":1030,"date":"2024-02-08T10:00:09","date_gmt":"2024-02-08T09:00:09","guid":{"rendered":"https:\/\/auderghem2024.ecolo.me\/nos-realisations\/"},"modified":"2024-07-09T18:32:17","modified_gmt":"2024-07-09T16:32:17","slug":"nos-realisations","status":"publish","type":"page","link":"https:\/\/auderghem.ecolo.be\/nl\/nos-realisations\/","title":{"rendered":"Nos r\u00e9alisations"},"content":{"rendered":"<p>Fortes de notre bilan commun, nos \u00e9chevines Elise et Lieve vous livrent ici leurs r\u00e9alisations. Tout cela n&#8217;aurait pas pu \u00eatre possible sans des \u00e9quipes engag\u00e9es et performantes au sein de la commune. Merci \u00e0 elles et \u00e0 eux.<\/p>\n<p>Met trots presenteren onze schepenen Elise en Lieve hier hun verwezenlijkingen, gebaseerd op onze gezamenlijke resultaten. Dit alles zou niet mogelijk zijn geweest zonder de toegewijde en presterende teams binnen de gemeente. Dank aan hen allen<\/p>\n","protected":false},"excerpt":{"rendered":"<p>Fortes de notre bilan commun, nos \u00e9chevines Elise et Lieve vous livrent ici leurs r\u00e9alisations. Tout cela n&#8217;aurait pas pu \u00eatre possible sans des \u00e9quipes engag\u00e9es et performantes au sein de la commune. Merci \u00e0 elles et \u00e0 eux. Met trots presenteren onze schepenen Elise en Lieve hier hun verwezenlijkingen, gebaseerd op onze gezamenlijke resultaten. &hellip;<\/p>\n","protected":false},"author":1455,"featured_media":1264,"parent":0,"menu_order":0,"comment_status":"closed","ping_status":"closed","template":"views\/template-nos-realisations.blade.php","meta":{"_acf_changed":false,"_et_pb_use_builder":"","_et_pb_old_content":"","_et_gb_content_width":"","inline_featured_image":false,"footnotes":""},"class_list":["post-1030","page","type-page","status-publish","has-post-thumbnail","hentry"],"acf":[],"_links":{"self":[{"href":"https:\/\/auderghem.ecolo.be\/nl\/wp-json\/wp\/v2\/pages\/1030","targetHints":{"allow":["GET"]}}],"collection":[{"href":"https:\/\/auderghem.ecolo.be\/nl\/wp-json\/wp\/v2\/pages"}],"about":[{"href":"https:\/\/auderghem.ecolo.be\/nl\/wp-json\/wp\/v2\/types\/page"}],"author":[{"embeddable":true,"href":"https:\/\/auderghem.ecolo.be\/nl\/wp-json\/wp\/v2\/users\/1455"}],"replies":[{"embeddable":true,"href":"https:\/\/auderghem.ecolo.be\/nl\/wp-json\/wp\/v2\/comments?post=1030"}],"version-history":[{"count":6,"href":"https:\/\/auderghem.ecolo.be\/nl\/wp-json\/wp\/v2\/pages\/1030\/revisions"}],"predecessor-version":[{"id":1382,"href":"https:\/\/auderghem.ecolo.be\/nl\/wp-json\/wp\/v2\/pages\/1030\/revisions\/1382"}],"wp:featuredmedia":[{"embeddable":true,"href":"https:\/\/auderghem.ecolo.be\/nl\/wp-json\/wp\/v2\/media\/1264"}],"wp:attachment":[{"href":"https:\/\/auderghem.ecolo.be\/nl\/wp-json\/wp\/v2\/media?parent=1030"}],"curies":[{"name":"wp","href":"https:\/\/api.w.org\/{rel}","templated":true}]}}